{"id":1086,"date":"2016-11-09T09:38:38","date_gmt":"2016-11-09T08:38:38","guid":{"rendered":"http:\/\/merellilegno.it\/de\/home\/"},"modified":"2017-01-09T10:12:44","modified_gmt":"2017-01-09T09:12:44","slug":"home","status":"publish","type":"page","link":"https:\/\/merellidesign.it\/de\/","title":{"rendered":"Home DE"},"content":{"rendered":"<h3 class=\"p1\"><span class=\"s1\"><b>Erfahrung und Leidenschaft im Zeichen der Qualit\u00e4t <\/b><\/span><\/h3>\n<p class=\"p1\"><span class=\"s1\">\u00a0<strong>Antonio Merelli<\/strong> beginnt 1958 seine T\u00e4tigkeit mit Verkleidungen und Design in der Welt des Holzes. Heute f\u00fchren die S\u00f6hne das Unternehmen mit der gleichen Leidenschaft und Professionalit\u00e4t.<\/span><\/p>\n","protected":false},"excerpt":{"rendered":"<p>Erfahrung und Leidenschaft im Zeichen der Qualit\u00e4t \u00a0Antonio Merelli beginnt 1958 seine T\u00e4tigkeit mit Verkleidungen und Design in der Welt des Holzes. Heute f\u00fchren die S\u00f6hne das Unternehmen mit der gleichen Leidenschaft und Professionalit\u00e4t.<\/p>\n","protected":false},"author":4,"featured_media":0,"parent":0,"menu_order":0,"comment_status":"closed","ping_status":"closed","template":"template-gallery.php","meta":[],"acf":[],"_links":{"self":[{"href":"https:\/\/merellidesign.it\/de\/wp-json\/wp\/v2\/pages\/1086"}],"collection":[{"href":"https:\/\/merellidesign.it\/de\/wp-json\/wp\/v2\/pages"}],"about":[{"href":"https:\/\/merellidesign.it\/de\/wp-json\/wp\/v2\/types\/page"}],"author":[{"embeddable":true,"href":"https:\/\/merellidesign.it\/de\/wp-json\/wp\/v2\/users\/4"}],"replies":[{"embeddable":true,"href":"https:\/\/merellidesign.it\/de\/wp-json\/wp\/v2\/comments?post=1086"}],"version-history":[{"count":3,"href":"https:\/\/merellidesign.it\/de\/wp-json\/wp\/v2\/pages\/1086\/revisions"}],"predecessor-version":[{"id":1254,"href":"https:\/\/merellidesign.it\/de\/wp-json\/wp\/v2\/pages\/1086\/revisions\/1254"}],"wp:attachment":[{"href":"https:\/\/merellidesign.it\/de\/wp-json\/wp\/v2\/media?parent=1086"}],"curies":[{"name":"wp","href":"https:\/\/api.w.org\/{rel}","templated":true}]}}