{"id":914,"date":"2016-11-09T11:38:11","date_gmt":"2016-11-09T10:38:11","guid":{"rendered":"http:\/\/merellilegno.it\/fr\/?page_id=914"},"modified":"2017-01-09T10:11:14","modified_gmt":"2017-01-09T09:11:14","slug":"home","status":"publish","type":"page","link":"https:\/\/merellidesign.it\/fr\/","title":{"rendered":"Home FR"},"content":{"rendered":"<h3><strong>Exp\u00e9rience et Passion au service de la Qualit\u00e9<\/strong><\/h3>\n<p>En 1958,\u00a0Antonio Merelli d\u00e9bute son activit\u00e9 dans le milieu du bois pour rev\u00eatements et design. Aujourd\u2019hui, les enfants dirigent l\u2019entreprise avec la m\u00eame passion et le m\u00eame professionnalisme d\u2019antan.<\/p>\n","protected":false},"excerpt":{"rendered":"<p>Exp\u00e9rience et Passion au service de la Qualit\u00e9 En 1958,\u00a0Antonio Merelli d\u00e9bute son activit\u00e9 dans le milieu du bois pour rev\u00eatements et design. Aujourd\u2019hui, les enfants dirigent l\u2019entreprise avec la m\u00eame passion et le m\u00eame professionnalisme d\u2019antan.<\/p>\n","protected":false},"author":3,"featured_media":0,"parent":0,"menu_order":0,"comment_status":"closed","ping_status":"closed","template":"template-gallery.php","meta":[],"acf":[],"_links":{"self":[{"href":"https:\/\/merellidesign.it\/fr\/wp-json\/wp\/v2\/pages\/914"}],"collection":[{"href":"https:\/\/merellidesign.it\/fr\/wp-json\/wp\/v2\/pages"}],"about":[{"href":"https:\/\/merellidesign.it\/fr\/wp-json\/wp\/v2\/types\/page"}],"author":[{"embeddable":true,"href":"https:\/\/merellidesign.it\/fr\/wp-json\/wp\/v2\/users\/3"}],"replies":[{"embeddable":true,"href":"https:\/\/merellidesign.it\/fr\/wp-json\/wp\/v2\/comments?post=914"}],"version-history":[{"count":4,"href":"https:\/\/merellidesign.it\/fr\/wp-json\/wp\/v2\/pages\/914\/revisions"}],"predecessor-version":[{"id":1250,"href":"https:\/\/merellidesign.it\/fr\/wp-json\/wp\/v2\/pages\/914\/revisions\/1250"}],"wp:attachment":[{"href":"https:\/\/merellidesign.it\/fr\/wp-json\/wp\/v2\/media?parent=914"}],"curies":[{"name":"wp","href":"https:\/\/api.w.org\/{rel}","templated":true}]}}