{"id":943,"date":"2016-02-18T16:47:54","date_gmt":"2016-02-18T15:47:54","guid":{"rendered":"http:\/\/merellilegno.it\/fr\/design\/"},"modified":"2017-03-06T15:51:09","modified_gmt":"2017-03-06T14:51:09","slug":"design","status":"publish","type":"page","link":"https:\/\/merellidesign.it\/fr\/design\/","title":{"rendered":"Design FR"},"content":{"rendered":"<h2><strong>Objets de design<\/strong><\/h2>\n<p>Un morceau de bois, gr\u00e2ce \u00e0 sa vie, \u00e0 son unicit\u00e9 et \u00e0 sa structure, est en lui-m\u00eame un \u00e9l\u00e9ment de d\u00e9coration potentiel. Travaill\u00e9 et model\u00e9 avec savoir-faire, il peut devenir un objet de design exclusif. Depuis des ann\u00e9es nous concevons et produisons pour nos clients des objets en mesure d\u2019enrichir une pi\u00e8ce avec style et \u00e9l\u00e9gance.<\/p>\n","protected":false},"excerpt":{"rendered":"<p>Objets de design Un morceau de bois, gr\u00e2ce \u00e0 sa vie, \u00e0 son unicit\u00e9 et \u00e0 sa structure, est en lui-m\u00eame un \u00e9l\u00e9ment de d\u00e9coration potentiel. Travaill\u00e9 et model\u00e9 avec savoir-faire, il peut devenir un objet de design exclusif. Depuis des ann\u00e9es nous concevons et produisons pour nos clients des objets en mesure d\u2019enrichir une [&hellip;]<\/p>\n","protected":false},"author":4,"featured_media":0,"parent":0,"menu_order":0,"comment_status":"closed","ping_status":"closed","template":"","meta":[],"acf":[],"_links":{"self":[{"href":"https:\/\/merellidesign.it\/fr\/wp-json\/wp\/v2\/pages\/943"}],"collection":[{"href":"https:\/\/merellidesign.it\/fr\/wp-json\/wp\/v2\/pages"}],"about":[{"href":"https:\/\/merellidesign.it\/fr\/wp-json\/wp\/v2\/types\/page"}],"author":[{"embeddable":true,"href":"https:\/\/merellidesign.it\/fr\/wp-json\/wp\/v2\/users\/4"}],"replies":[{"embeddable":true,"href":"https:\/\/merellidesign.it\/fr\/wp-json\/wp\/v2\/comments?post=943"}],"version-history":[{"count":3,"href":"https:\/\/merellidesign.it\/fr\/wp-json\/wp\/v2\/pages\/943\/revisions"}],"predecessor-version":[{"id":1412,"href":"https:\/\/merellidesign.it\/fr\/wp-json\/wp\/v2\/pages\/943\/revisions\/1412"}],"wp:attachment":[{"href":"https:\/\/merellidesign.it\/fr\/wp-json\/wp\/v2\/media?parent=943"}],"curies":[{"name":"wp","href":"https:\/\/api.w.org\/{rel}","templated":true}]}}